{"id":1221,"date":"2025-06-30T14:24:00","date_gmt":"2025-06-30T11:24:00","guid":{"rendered":"http:\/\/emmaturkey.com\/?page_id=1221"},"modified":"2025-07-03T01:17:19","modified_gmt":"2025-07-02T22:17:19","slug":"emma-yarismasina-katilmak-isteyenler-icin-ipuclari","status":"publish","type":"page","link":"http:\/\/emmaturkey.com\/?page_id=1221","title":{"rendered":"EMMA Yar\u0131\u015fmas\u0131na kat\u0131lmak isteyenler i\u00e7in ipu\u00e7lar\u0131"},"content":{"rendered":"\n<p><a href=\"http:\/\/www.emmanet.com\/\"><\/a><\/p>\n","protected":false},"excerpt":{"rendered":"","protected":false},"author":1,"featured_media":0,"parent":0,"menu_order":0,"comment_status":"closed","ping_status":"closed","template":"","meta":{"footnotes":""},"class_list":["post-1221","page","type-page","status-publish","hentry"],"_links":{"self":[{"href":"http:\/\/emmaturkey.com\/index.php?rest_route=\/wp\/v2\/pages\/1221","targetHints":{"allow":["GET"]}}],"collection":[{"href":"http:\/\/emmaturkey.com\/index.php?rest_route=\/wp\/v2\/pages"}],"about":[{"href":"http:\/\/emmaturkey.com\/index.php?rest_route=\/wp\/v2\/types\/page"}],"author":[{"embeddable":true,"href":"http:\/\/emmaturkey.com\/index.php?rest_route=\/wp\/v2\/users\/1"}],"replies":[{"embeddable":true,"href":"http:\/\/emmaturkey.com\/index.php?rest_route=%2Fwp%2Fv2%2Fcomments&post=1221"}],"version-history":[{"count":3,"href":"http:\/\/emmaturkey.com\/index.php?rest_route=\/wp\/v2\/pages\/1221\/revisions"}],"predecessor-version":[{"id":1486,"href":"http:\/\/emmaturkey.com\/index.php?rest_route=\/wp\/v2\/pages\/1221\/revisions\/1486"}],"wp:attachment":[{"href":"http:\/\/emmaturkey.com\/index.php?rest_route=%2Fwp%2Fv2%2Fmedia&parent=1221"}],"curies":[{"name":"wp","href":"https:\/\/api.w.org\/{rel}","templated":true}]}}