{"id":1233,"date":"2025-06-30T14:49:46","date_gmt":"2025-06-30T11:49:46","guid":{"rendered":"http:\/\/emmaturkey.com\/?page_id=1233"},"modified":"2025-07-20T12:14:16","modified_gmt":"2025-07-20T12:14:16","slug":"katilimci-kaydi","status":"publish","type":"page","link":"http:\/\/emmaturkey.com\/?page_id=1233","title":{"rendered":"Kat\u0131l\u0131mc\u0131 Kayd\u0131"},"content":{"rendered":"\n<p><a href=\"http:\/\/www.emmanet.com\/\"><\/a><\/p>\n","protected":false},"excerpt":{"rendered":"","protected":false},"author":1,"featured_media":0,"parent":0,"menu_order":0,"comment_status":"closed","ping_status":"closed","template":"","meta":{"footnotes":""},"class_list":["post-1233","page","type-page","status-publish","hentry"],"_links":{"self":[{"href":"http:\/\/emmaturkey.com\/index.php?rest_route=\/wp\/v2\/pages\/1233","targetHints":{"allow":["GET"]}}],"collection":[{"href":"http:\/\/emmaturkey.com\/index.php?rest_route=\/wp\/v2\/pages"}],"about":[{"href":"http:\/\/emmaturkey.com\/index.php?rest_route=\/wp\/v2\/types\/page"}],"author":[{"embeddable":true,"href":"http:\/\/emmaturkey.com\/index.php?rest_route=\/wp\/v2\/users\/1"}],"replies":[{"embeddable":true,"href":"http:\/\/emmaturkey.com\/index.php?rest_route=%2Fwp%2Fv2%2Fcomments&post=1233"}],"version-history":[{"count":1,"href":"http:\/\/emmaturkey.com\/index.php?rest_route=\/wp\/v2\/pages\/1233\/revisions"}],"predecessor-version":[{"id":1234,"href":"http:\/\/emmaturkey.com\/index.php?rest_route=\/wp\/v2\/pages\/1233\/revisions\/1234"}],"wp:attachment":[{"href":"http:\/\/emmaturkey.com\/index.php?rest_route=%2Fwp%2Fv2%2Fmedia&parent=1233"}],"curies":[{"name":"wp","href":"https:\/\/api.w.org\/{rel}","templated":true}]}}