{"id":1238,"date":"2025-06-30T15:40:40","date_gmt":"2025-06-30T12:40:40","guid":{"rendered":"http:\/\/emmaturkey.com\/?page_id=1238"},"modified":"2025-07-01T16:08:55","modified_gmt":"2025-07-01T13:08:55","slug":"sonuclar-2025","status":"publish","type":"page","link":"http:\/\/emmaturkey.com\/?page_id=1238","title":{"rendered":"Sonu\u00e7lar 2025"},"content":{"rendered":"\n<p><a href=\"http:\/\/emmaturkey.com\/wp-content\/uploads\/2025\/06\/kramer.pdf\" data-type=\"link\" data-id=\"http:\/\/emmaturkey.com\/wp-content\/uploads\/2025\/06\/kramer.pdf\">Kramer 2025 sonu\u00e7lar\u0131 a\u00e7\u0131kland\u0131<\/a><\/p>\n\n\n\n<div class=\"wp-block-buttons is-layout-flex wp-block-buttons-is-layout-flex\">\n<div class=\"wp-block-button\"><a class=\"wp-block-button__link wp-element-button\" href=\"http:\/\/emmaturkey.com\/wp-content\/uploads\/2025\/06\/kramer.pdf\">\u0130ndir<\/a><\/div>\n<\/div>\n\n\n\n<p><\/p>\n","protected":false},"excerpt":{"rendered":"<p>Kramer 2025 sonu\u00e7lar\u0131 a\u00e7\u0131kland\u0131<\/p>\n","protected":false},"author":1,"featured_media":0,"parent":0,"menu_order":0,"comment_status":"closed","ping_status":"closed","template":"","meta":{"footnotes":""},"class_list":["post-1238","page","type-page","status-publish","hentry"],"_links":{"self":[{"href":"http:\/\/emmaturkey.com\/index.php?rest_route=\/wp\/v2\/pages\/1238","targetHints":{"allow":["GET"]}}],"collection":[{"href":"http:\/\/emmaturkey.com\/index.php?rest_route=\/wp\/v2\/pages"}],"about":[{"href":"http:\/\/emmaturkey.com\/index.php?rest_route=\/wp\/v2\/types\/page"}],"author":[{"embeddable":true,"href":"http:\/\/emmaturkey.com\/index.php?rest_route=\/wp\/v2\/users\/1"}],"replies":[{"embeddable":true,"href":"http:\/\/emmaturkey.com\/index.php?rest_route=%2Fwp%2Fv2%2Fcomments&post=1238"}],"version-history":[{"count":2,"href":"http:\/\/emmaturkey.com\/index.php?rest_route=\/wp\/v2\/pages\/1238\/revisions"}],"predecessor-version":[{"id":1242,"href":"http:\/\/emmaturkey.com\/index.php?rest_route=\/wp\/v2\/pages\/1238\/revisions\/1242"}],"wp:attachment":[{"href":"http:\/\/emmaturkey.com\/index.php?rest_route=%2Fwp%2Fv2%2Fmedia&parent=1238"}],"curies":[{"name":"wp","href":"https:\/\/api.w.org\/{rel}","templated":true}]}}