{"id":1327,"date":"2025-06-30T17:28:26","date_gmt":"2025-06-30T14:28:26","guid":{"rendered":"http:\/\/emmaturkey.com\/?page_id=1327"},"modified":"2025-07-05T15:16:35","modified_gmt":"2025-07-05T12:16:35","slug":"emma-hakkinda","status":"publish","type":"page","link":"http:\/\/emmaturkey.com\/?page_id=1327","title":{"rendered":"EMMA HAKKINDA"},"content":{"rendered":"\n<h2 class=\"wp-block-heading\"><strong>EMMA T\u00fcrkiye\u2019de Yeni Ortakl\u0131k<\/strong><\/h2>\n\n\n\n<p>EMMA, k\u00fcresel a\u011f\u0131n\u0131 b\u00fcy\u00fctmeye devam ederken, <strong>T\u00fcrkiye\u2019deki yeni ortakl\u0131\u011f\u0131m\u0131z\u0131<\/strong> duyurmaktan b\u00fcy\u00fck memnuniyet duyuyoruz. <strong>EMMA-T\u00fcrkiye\u2019nin ba\u015fl\u0131ca ileti\u015fim noktas\u0131 olarak Mahmut Lapo\u011flu\u2019nu<\/strong> tan\u0131tmaktan mutluluk duyuyoruz. Tutkusu ve deneyimiyle, k\u00fcresel toplulu\u011fumuzun kalbine g\u00fc\u00e7l\u00fc bir katk\u0131 sa\u011flayacak.<\/p>\n\n\n\n<div class=\"wp-block-group is-nowrap is-layout-flex wp-container-core-group-is-layout-ad2f72ca wp-block-group-is-layout-flex\">\n<p><strong>13 Aral\u0131k 1963\u2019te Almanya\u2019da do\u011fan<\/strong> ve e\u011fitimini burada tamamlayan Mahmut Lapo\u011flu, uzun y\u0131llar <strong>u\u00e7ak m\u00fchendisi<\/strong> olarak ba\u015far\u0131l\u0131 bir kariyer s\u00fcrd\u00fcrd\u00fc. Ard\u0131ndan, odak noktas\u0131n\u0131 mobil medya d\u00fcnyas\u0131na \u00e7evirdi. <strong>2007 y\u0131l\u0131ndan bu yana<\/strong> ise <strong>Kocaeli merkezli, T\u00fcrkiye\u2019de kay\u0131tl\u0131 \u015firketi Dynamic Resources<\/strong> ile ba\u015fta <strong>ila\u00e7 sekt\u00f6r\u00fc<\/strong> olmak \u00fczere bir\u00e7ok alanda <strong>yenilik, kalite ve teknik m\u00fckemmellik<\/strong> sunmaya odaklanm\u0131\u015ft\u0131r. \u00c7al\u0131\u015fmalar\u0131 hakk\u0131nda daha fazla bilgiye <a class=\"\" href=\"http:\/\/www.dynamic-resources.eu\">www.dynamic-resources.eu<\/a> adresinden ula\u015fabilirsiniz.<\/p>\n<\/div>\n\n\n\n<p><strong>Otomobil ses sistemleri ve mobil medya tutkusu<\/strong> sayesinde, Mahmut Lapo\u011flu bu alanda uzun y\u0131llard\u0131r aktif bir rol oynamaktad\u0131r. Art\u0131k <strong>EMMA-T\u00fcrkiye Temsilcisi<\/strong> olarak, EMMA\u2019n\u0131n \u015fu vizyonuna katk\u0131 sa\u011flamaktad\u0131r:<br><strong>Tutkulu bireyleri, \u00fcreticileri ve profesyonelleri tarafs\u0131z ve ileri g\u00f6r\u00fc\u015fl\u00fc bir platformda bir araya getirmek.<\/strong><\/p>\n\n\n\n<blockquote class=\"wp-block-quote is-layout-flow wp-block-quote-is-layout-flow\">\n<p>\u201cBenim i\u00e7in mobil medya bir tutkudan \u00e7ok daha fazlas\u0131 \u2013 bu alan, hassas m\u00fchendislik ile yarat\u0131c\u0131 ifadenin birle\u015fimidir. EMMA, bu iki d\u00fcnyan\u0131n en iyisini bir araya getiriyor. Bu ilham verici uluslararas\u0131 toplulu\u011fa katk\u0131 sunmaktan gurur duyuyorum.\u201d<br>\u2014 <strong>Mahmut Lapo\u011flu<\/strong><\/p>\n\n\n\n<figure class=\"wp-block-image size-large is-resized\"><img loading=\"lazy\" decoding=\"async\" width=\"825\" height=\"1200\" src=\"http:\/\/emmaturkey.com\/wp-content\/uploads\/2025\/07\/mahmutlapoglu-scaled-1-825x1200.webp\" alt=\"\" class=\"wp-image-1492\" style=\"width:211px;height:auto\" srcset=\"http:\/\/emmaturkey.com\/wp-content\/uploads\/2025\/07\/mahmutlapoglu-scaled-1-825x1200.webp 825w, http:\/\/emmaturkey.com\/wp-content\/uploads\/2025\/07\/mahmutlapoglu-scaled-1-344x500.webp 344w, http:\/\/emmaturkey.com\/wp-content\/uploads\/2025\/07\/mahmutlapoglu-scaled-1-206x300.webp 206w, http:\/\/emmaturkey.com\/wp-content\/uploads\/2025\/07\/mahmutlapoglu-scaled-1-768x1117.webp 768w, http:\/\/emmaturkey.com\/wp-content\/uploads\/2025\/07\/mahmutlapoglu-scaled-1-52x75.webp 52w, http:\/\/emmaturkey.com\/wp-content\/uploads\/2025\/07\/mahmutlapoglu-scaled-1-480x698.webp 480w\" sizes=\"auto, (max-width:767px) 480px, (max-width:825px) 100vw, 825px\" \/><\/figure>\n<\/blockquote>\n\n\n\n<p><strong>EMMA<\/strong>, 40\u2019tan fazla \u00fclkede faaliyet g\u00f6steren ve her y\u0131l 200\u2019den fazla etkinlik d\u00fczenleyen k\u00fcresel bir organizasyondur. Mahmut Lapo\u011flu\u2019nun bilgi birikimi ve \u00f6zverisinin, T\u00fcrkiye\u2019deki varl\u0131\u011f\u0131m\u0131z\u0131 g\u00fc\u00e7lendirece\u011fine ve etkimizi art\u0131raca\u011f\u0131na y\u00fcrekten inan\u0131yoruz.<\/p>\n\n\n\n<p><strong>Mahmut Lapo\u011flu\u2019nu EMMA ailesine i\u00e7tenlikle ho\u015f geldiniz diyoruz<\/strong> ve birlikte ge\u00e7irece\u011fimiz ba\u015far\u0131l\u0131 bir yolculu\u011fu d\u00f6rt g\u00f6zle bekliyoruz.<\/p>\n\n\n\n<hr class=\"wp-block-separator has-alpha-channel-opacity\"\/>\n\n\n\n<h3 class=\"wp-block-heading\"><strong>EMMA T\u00fcrkiye \u0130leti\u015fim Bilgileri<\/strong><\/h3>\n\n\n\n<p><strong>Temsilci:<\/strong> Mahmut Lapo\u011flu<br><strong>\u0130\u015f Adresi:<\/strong> Ataevler Mah. \u00d6zg\u00fcrl\u00fck Caddesi,<br>No: 4\/A, \u0130\u00e7 Kap\u0131: 30, Bureau Apart Blo\u011fu Y\u00f6netimi,<br>Sapanca Kav\u015fa\u011f\u0131, 1. Kat, Apart \u00dcnite,<br>41180 Kartepe \/ Kocaeli \/ T\u00fcrkiye<br><strong>\u0130\u015f Telefonu:<\/strong> +90 (0) 533 275 3639<br><strong>E-posta:<\/strong> <a>lapoglu.m@dynamic-resources.eu<\/a><\/p>\n\n\n\n<hr class=\"wp-block-separator has-alpha-channel-opacity\"\/>\n\n\n\n<h3 class=\"wp-block-heading\"><strong>Yetki Mektubu<\/strong><\/h3>\n\n\n\n<p>Bu mektup ile <strong>EMMA GmbH<\/strong>, <strong>Sn. Mahmut Lapo\u011flu\u2019nu<\/strong>, T\u00fcrkiye\u2019deki t\u00fcm faaliyetlerde EMMA\u2019n\u0131n \u00e7\u0131karlar\u0131n\u0131 temsil etmesi i\u00e7in yetkilendirmektedir.<\/p>\n\n\n\n<p>Say\u0131n Lapo\u011flu, \u00f6n\u00fcm\u00fczdeki y\u0131l i\u00e7inde EMMA onayl\u0131 etkinlikleri kurmak ve EMMA\u2019n\u0131n k\u00fcresel a\u011f\u0131na ba\u011fl\u0131 olarak T\u00fcrkiye&#8217;de ba\u011f\u0131ms\u0131z bir EMMA \u015fubesi olu\u015fturmakla g\u00f6revlendirilmi\u015ftir.<\/p>\n\n\n\n<p>Bu ama\u00e7 do\u011frultusunda, EMMA ve Sn. Lapo\u011flu, T\u00fcrkiye b\u00f6lgesi i\u00e7in EMMA\u2019n\u0131n m\u00fcnhas\u0131r haklar\u0131n\u0131 d\u00fczenleyen bir anla\u015fma imzalam\u0131\u015flard\u0131r.<\/p>\n\n\n\n<p>Sn. Lapo\u011flu&#8217;na bu g\u00f6revde ba\u015far\u0131lar diliyoruz. Gerekli olmas\u0131 h\u00e2linde, EMMA Genel Merkezi her zaman destek vermeye haz\u0131rd\u0131r.<\/p>\n\n\n\n<hr class=\"wp-block-separator has-alpha-channel-opacity\"\/>\n\n\n\n<p><strong>EMMA GmbH<\/strong><br><strong>Genel M\u00fcd\u00fcr<\/strong><br><strong>Alexander Klett<\/strong><\/p>\n\n\n\n<p>\u015eirket Merkezi: Emtmannsberg<br>Bayreuth Mahkemesi: HRB 6008<br>Vergi No: DE 240499811<br><a class=\"\" href=\"http:\/\/www.emmanet.com\">www.emmanet.com<\/a><br><a class=\"\" href=\"http:\/\/www.emmanet.de\">www.emmanet.de<\/a><\/p>\n\n\n\n<p><strong>Adres:<\/strong><br>EMMA GmbH<br>Weidacker 23<br>D-95517 Emtmannsberg<br>Tel.: +49 9209 9188681<br><a>office@emmanet.com<\/a><br><a>info@emmanet.eu<\/a><\/p>\n\n\n\n<div data-wp-interactive=\"core\/file\" class=\"wp-block-file\"><object data-wp-bind--hidden=\"!state.hasPdfPreview\" hidden class=\"wp-block-file__embed\" data=\"http:\/\/emmaturkey.com\/wp-content\/uploads\/2025\/07\/authizationletterturkey25.pdf\" type=\"application\/pdf\" style=\"width:100%;height:600px\" aria-label=\"authizationletterturkey25 g\u00f6m\u00fcs\u00fc.\"><\/object><a id=\"wp-block-file--media-4bbdac40-be3d-40af-9e66-b9e9581b9234\" href=\"http:\/\/emmaturkey.com\/wp-content\/uploads\/2025\/07\/authizationletterturkey25.pdf\">authizationletterturkey25<\/a><a href=\"http:\/\/emmaturkey.com\/wp-content\/uploads\/2025\/07\/authizationletterturkey25.pdf\" class=\"wp-block-file__button wp-element-button\" download aria-describedby=\"wp-block-file--media-4bbdac40-be3d-40af-9e66-b9e9581b9234\">\u0130ndir<\/a><\/div>\n","protected":false},"excerpt":{"rendered":"<p>EMMA T\u00fcrkiye\u2019de Yeni Ortakl\u0131k EMMA, k\u00fcresel a\u011f\u0131n\u0131 b\u00fcy\u00fctmeye devam ederken, T\u00fcrkiye\u2019deki yeni ortakl\u0131\u011f\u0131m\u0131z\u0131 duyurmaktan b\u00fcy\u00fck memnuniyet duyuyoruz. EMMA-T\u00fcrkiye\u2019nin ba\u015fl\u0131ca ileti\u015fim noktas\u0131 olarak Mahmut Lapo\u011flu\u2019nu tan\u0131tmaktan mutluluk<span class=\"excerpt-hellip\"> [\u2026]<\/span><\/p>\n","protected":false},"author":1,"featured_media":0,"parent":0,"menu_order":0,"comment_status":"closed","ping_status":"closed","template":"","meta":{"footnotes":""},"class_list":["post-1327","page","type-page","status-publish","hentry"],"_links":{"self":[{"href":"http:\/\/emmaturkey.com\/index.php?rest_route=\/wp\/v2\/pages\/1327","targetHints":{"allow":["GET"]}}],"collection":[{"href":"http:\/\/emmaturkey.com\/index.php?rest_route=\/wp\/v2\/pages"}],"about":[{"href":"http:\/\/emmaturkey.com\/index.php?rest_route=\/wp\/v2\/types\/page"}],"author":[{"embeddable":true,"href":"http:\/\/emmaturkey.com\/index.php?rest_route=\/wp\/v2\/users\/1"}],"replies":[{"embeddable":true,"href":"http:\/\/emmaturkey.com\/index.php?rest_route=%2Fwp%2Fv2%2Fcomments&post=1327"}],"version-history":[{"count":5,"href":"http:\/\/emmaturkey.com\/index.php?rest_route=\/wp\/v2\/pages\/1327\/revisions"}],"predecessor-version":[{"id":1548,"href":"http:\/\/emmaturkey.com\/index.php?rest_route=\/wp\/v2\/pages\/1327\/revisions\/1548"}],"wp:attachment":[{"href":"http:\/\/emmaturkey.com\/index.php?rest_route=%2Fwp%2Fv2%2Fmedia&parent=1327"}],"curies":[{"name":"wp","href":"https:\/\/api.w.org\/{rel}","templated":true}]}}